{"id":16,"date":"2023-02-24T08:21:35","date_gmt":"2023-02-24T08:21:35","guid":{"rendered":"https:\/\/vet.studionoto.pl\/?page_id=16"},"modified":"2023-06-05T13:51:40","modified_gmt":"2023-06-05T13:51:40","slug":"kontakt","status":"publish","type":"page","link":"https:\/\/dr-vet.pl\/index.php\/kontakt\/","title":{"rendered":"Kontakt"},"content":{"rendered":"\n<div class=\"wp-block-stackable-columns alignfull stk-block-columns stk-block stk-31a5e75\" data-block-id=\"31a5e75\"><style>.stk-31a5e75{max-width:1300px !important;padding-top:80px !important;padding-bottom:40px !important;margin-bottom:0px !important}.stk-31a5e75-column{--stk-column-gap:48px !important;row-gap:32px !important}<\/style><div class=\"stk-row stk-inner-blocks stk-block-content stk-content-align stk-31a5e75-column alignwide\">\n<div class=\"wp-block-stackable-column stk-block-column stk-column stk-block stk-d66e8f4\" data-v=\"4\" data-block-id=\"d66e8f4\"><style>.stk-d66e8f4-container{margin-top:0px !important;margin-right:0px !important;margin-bottom:0px !important;margin-left:0px !important}.stk-d66e8f4-inner-blocks{justify-content:center !important}@media screen and (min-width:690px) and (max-width:999px){.stk-d66e8f4{flex:0 1 calc(100% - var(--stk-column-gap,0px) * 0 \/ 1 ) !important}}<\/style><div class=\"stk-column-wrapper stk-block-column__content stk-container stk-d66e8f4-container stk--no-background stk--no-padding\"><div class=\"stk--column-flex stk-block-content stk-inner-blocks stk-d66e8f4-inner-blocks\">\n<div class=\"wp-block-stackable-heading stk-block-heading stk-block-heading--v2 stk-block stk-49de5da\" id=\"no-need-to-take-our-word-for-it\" data-block-id=\"49de5da\"><style>.stk-49de5da .stk-block-heading__text{color:var(--theme-palette-color-2,#29B473) !important}@media screen and (max-width:689px){.stk-49de5da .stk-block-heading__text{font-size:30px !important}}<\/style><h1 class=\"stk-block-heading__text has-text-color\">Um\u00f3w wizyt\u0119 w&nbsp;DR&nbsp;VET<\/h1><\/div>\n\n\n\n<div class=\"wp-block-stackable-text stk-block-text stk-block stk-f4803bf\" data-block-id=\"f4803bf\"><p class=\"stk-block-text__text\">Zach\u0119camy do umawiania si\u0119 na wizyty telefonicznie i osobi\u015bcie w dogodnym dla Pa\u0144stwa terminie.<\/p><\/div>\n\n\n\n<div class=\"wp-block-stackable-divider stk-block-divider stk-block stk-9775d76\" data-block-id=\"9775d76\"><style>.stk-9775d76 hr.stk-block-divider__hr{width:100% !important}<\/style><hr class=\"stk-block-divider__hr\"\/><\/div>\n\n\n\n<div class=\"wp-block-stackable-columns stk-block-columns stk-block stk-0d5fbc5\" data-block-id=\"0d5fbc5\"><style>.stk-0d5fbc5{margin-bottom:12px !important}.stk-0d5fbc5-column{--stk-column-gap:24px !important;row-gap:24px !important}<\/style><div class=\"stk-row stk-inner-blocks stk-block-content stk-content-align stk-0d5fbc5-column\">\n<div class=\"wp-block-stackable-column stk-block-column stk-column stk-block stk-d3b50ff\" data-v=\"4\" data-block-id=\"d3b50ff\"><style>.stk-d3b50ff-container{margin-top:0px !important;margin-right:0px !important;margin-bottom:0px !important;margin-left:0px !important}<\/style><div class=\"stk-column-wrapper stk-block-column__content stk-container stk-d3b50ff-container stk--no-background stk--no-padding\"><div class=\"stk-block-content stk-inner-blocks stk-d3b50ff-inner-blocks\">\n<div class=\"wp-block-stackable-subtitle stk-block-subtitle stk-block stk-fad3454\" data-block-id=\"fad3454\"><style>.stk-fad3454{margin-bottom:4px !important}.stk-fad3454 .stk-block-subtitle__text{font-weight:bold !important}<\/style><p class=\"stk-block-subtitle__text stk-subtitle\">Nasz adres<\/p><\/div>\n\n\n\n<div class=\"wp-block-stackable-text stk-block-text stk-block stk-ab9411a\" data-block-id=\"ab9411a\"><style>.stk-ab9411a{margin-bottom:0px !important}<\/style><p class=\"stk-block-text__text\">Plac Przyrynek 18,<\/p><\/div>\n\n\n\n<div class=\"wp-block-stackable-text stk-block-text stk-block stk-a5bdfb3\" data-block-id=\"a5bdfb3\"><p class=\"stk-block-text__text\">99-400 \u0141owicz<\/p><\/div>\n<\/div><\/div><\/div>\n\n\n\n<div class=\"wp-block-stackable-column stk-block-column stk-column stk-block stk-c9e27c4\" data-v=\"4\" data-block-id=\"c9e27c4\"><style>.stk-c9e27c4-container{margin-top:0px !important;margin-right:0px !important;margin-bottom:0px !important;margin-left:0px !important}<\/style><div class=\"stk-column-wrapper stk-block-column__content stk-container stk-c9e27c4-container stk--no-background stk--no-padding\"><div class=\"stk-block-content stk-inner-blocks stk-c9e27c4-inner-blocks\">\n<div class=\"wp-block-stackable-subtitle stk-block-subtitle stk-block stk-37c4e0e\" data-block-id=\"37c4e0e\"><style>.stk-37c4e0e{margin-bottom:0px !important}.stk-37c4e0e .stk-block-subtitle__text{font-weight:bold !important}<\/style><p class=\"stk-block-subtitle__text stk-subtitle\">Godziny otwarcia:<\/p><\/div>\n\n\n\n<div class=\"wp-block-stackable-text stk-block-text stk-block stk-2f0bc14\" data-block-id=\"2f0bc14\"><style>.stk-2f0bc14{margin-bottom:0px !important}<\/style><p class=\"stk-block-text__text\">poniedzia\u0142ek-pi\u0105tek 9:00-18:00<\/p><\/div>\n\n\n\n<div class=\"wp-block-stackable-text stk-block-text stk-block stk-ce1924f\" data-block-id=\"ce1924f\"><p class=\"stk-block-text__text\">sobota 9:00-15:00<\/p><\/div>\n<\/div><\/div><\/div>\n<\/div><\/div>\n\n\n\n<div class=\"wp-block-stackable-columns stk-block-columns stk-block stk-7659747\" data-block-id=\"7659747\"><style>.stk-7659747{margin-bottom:12px !important}.stk-7659747-column{--stk-column-gap:24px !important;row-gap:24px !important}<\/style><div class=\"stk-row stk-inner-blocks stk-block-content stk-content-align stk-7659747-column\">\n<div class=\"wp-block-stackable-column stk-block-column stk-column stk-block stk-ae437cf\" data-v=\"4\" data-block-id=\"ae437cf\"><style>.stk-ae437cf-container{margin-top:0px !important;margin-right:0px !important;margin-bottom:0px !important;margin-left:0px !important}<\/style><div class=\"stk-column-wrapper stk-block-column__content stk-container stk-ae437cf-container stk--no-background stk--no-padding\"><div class=\"stk-block-content stk-inner-blocks stk-ae437cf-inner-blocks\">\n<div class=\"wp-block-stackable-subtitle stk-block-subtitle stk-block stk-1a1b414\" data-block-id=\"1a1b414\"><style>.stk-1a1b414{margin-bottom:0px !important}.stk-1a1b414 .stk-block-subtitle__text{font-weight:bold !important}<\/style><p class=\"stk-block-subtitle__text stk-subtitle\">Telefon<\/p><\/div>\n\n\n\n<div class=\"wp-block-stackable-text stk-block-text stk-block stk-ee06eee\" data-block-id=\"ee06eee\"><p class=\"stk-block-text__text\"><a href=\"tel:+48664272006\" data-type=\"tel\" data-id=\"tel:+48664272006\">664 272 006<\/a><\/p><\/div>\n<\/div><\/div><\/div>\n\n\n\n<div class=\"wp-block-stackable-column stk-block-column stk-column stk-block stk-60f71ff\" data-v=\"4\" data-block-id=\"60f71ff\"><style>.stk-60f71ff-container{margin-top:0px !important;margin-right:0px !important;margin-bottom:0px !important;margin-left:0px !important}<\/style><div class=\"stk-column-wrapper stk-block-column__content stk-container stk-60f71ff-container stk--no-background stk--no-padding\"><div class=\"stk-block-content stk-inner-blocks stk-60f71ff-inner-blocks\">\n<div class=\"wp-block-stackable-subtitle stk-block-subtitle stk-block stk-a2b037f\" data-block-id=\"a2b037f\"><style>.stk-a2b037f{margin-bottom:0px !important}.stk-a2b037f .stk-block-subtitle__text{font-weight:bold !important}<\/style><p class=\"stk-block-subtitle__text stk-subtitle\">Mail<\/p><\/div>\n\n\n\n<div class=\"wp-block-stackable-text stk-block-text stk-block stk-5be9d5c\" data-block-id=\"5be9d5c\"><p class=\"stk-block-text__text\"><a href=\"mailto:przychodnia@dr-vet.pl\">przychodnia@dr-vet.pl<\/a><\/p><\/div>\n<\/div><\/div><\/div>\n<\/div><\/div>\n\n\n\n<div class=\"wp-block-stackable-columns stk-block-columns stk-block stk-391aebe\" data-block-id=\"391aebe\"><style>.stk-391aebe{margin-bottom:32px !important}.stk-391aebe-column{--stk-column-gap:24px !important;row-gap:24px !important}<\/style><div class=\"stk-row stk-inner-blocks stk-block-content stk-content-align stk-391aebe-column\">\n<div class=\"wp-block-stackable-column stk-block-column stk-column stk-block stk-55755f7\" data-v=\"4\" data-block-id=\"55755f7\"><style>.stk-55755f7-container{margin-top:0px !important;margin-right:0px !important;margin-bottom:0px !important;margin-left:0px !important}<\/style><div class=\"stk-column-wrapper stk-block-column__content stk-container stk-55755f7-container stk--no-background stk--no-padding\"><div class=\"stk-block-content stk-inner-blocks stk-55755f7-inner-blocks\">\n<div class=\"wp-block-stackable-subtitle stk-block-subtitle stk-block stk-089b9dd\" data-block-id=\"089b9dd\"><style>.stk-089b9dd{margin-bottom:0px !important}.stk-089b9dd .stk-block-subtitle__text{font-weight:bold !important}<\/style><p class=\"stk-block-subtitle__text stk-subtitle\"><\/p><\/div>\n<\/div><\/div><\/div>\n\n\n\n<div class=\"wp-block-stackable-column stk-block-column stk-column stk-block stk-fe15598\" data-v=\"4\" data-block-id=\"fe15598\"><style>.stk-fe15598-container{margin-top:0px !important;margin-right:0px !important;margin-bottom:0px !important;margin-left:0px !important}<\/style><div class=\"stk-column-wrapper stk-block-column__content stk-container stk-fe15598-container stk--no-background stk--no-padding\"><div class=\"stk-block-content stk-inner-blocks stk-fe15598-inner-blocks\">\n<div class=\"wp-block-stackable-subtitle stk-block-subtitle stk-block stk-f25d7be\" data-block-id=\"f25d7be\"><style>.stk-f25d7be{margin-bottom:4px !important}.stk-f25d7be .stk-block-subtitle__text{font-weight:bold !important}<\/style><p class=\"stk-block-subtitle__text stk-subtitle\"><\/p><\/div>\n\n\n\n<div class=\"wp-block-stackable-text stk-block-text stk-block stk-bfedf68\" data-block-id=\"bfedf68\"><p class=\"stk-block-text__text\"><\/p><\/div>\n<\/div><\/div><\/div>\n<\/div><\/div>\n<\/div><\/div><\/div>\n\n\n\n<div class=\"wp-block-stackable-column stk-block-column stk-column stk-block stk-6cc694a stk-block-background stk--has-background-overlay\" data-v=\"4\" data-block-id=\"6cc694a\"><style>.stk-6cc694a-container{margin-top:0px !important;margin-right:0px !important;margin-bottom:0px !important;margin-left:0px !important}.stk-6cc694a{background-image:url(https:\/\/dr-vet.pl\/wp-content\/uploads\/2023\/06\/PS203860.jpeg) !important}@media screen and (min-width:690px) and (max-width:999px){.stk-6cc694a{flex:0 1 calc(100% - var(--stk-column-gap,0px) * 0 \/ 1 ) !important}}@media screen and (max-width:689px){.stk-6cc694a-container{min-height:300px !important}}<\/style><div class=\"stk-column-wrapper stk-block-column__content stk-container stk-6cc694a-container stk--no-background stk--no-padding\"><div class=\"stk-block-content stk-inner-blocks stk-6cc694a-inner-blocks\"><\/div><\/div><\/div>\n<\/div><\/div>\n\n\n\n<div class=\"wp-block-stackable-columns stk-block-columns stk-block stk-a9eb67c\" data-block-id=\"a9eb67c\"><div class=\"stk-row stk-inner-blocks stk-block-content stk-content-align stk-a9eb67c-column\">\n<div class=\"wp-block-stackable-column stk-block-column stk-column stk-block stk-5c2e388\" data-v=\"4\" data-block-id=\"5c2e388\"><div class=\"stk-column-wrapper stk-block-column__content stk-container stk-5c2e388-container stk--no-background stk--no-padding\"><div class=\"stk-block-content stk-inner-blocks stk-5c2e388-inner-blocks\"><\/div><\/div><\/div>\n<\/div><\/div>\n\n\n\n<div class=\"wp-block-stackable-heading stk-block-heading stk-block-heading--v2 stk-block stk-e4c5e07\" id=\"no-need-to-take-our-word-for-it\" data-block-id=\"e4c5e07\"><style>.stk-e4c5e07 .stk-block-heading__text{color:var(--theme-palette-color-1,#3E3F40) !important}@media screen and (max-width:689px){.stk-e4c5e07 .stk-block-heading__text{font-size:30px !important}}<\/style><h1 class=\"stk-block-heading__text has-text-color has-text-align-center has-text-align-left-mobile\">Nasza lokalizacja<\/h1><\/div>\n\n\n<div style=\"position:relative; padding-bottom:25%; height:0; overflow:hidden;\">\n  <iframe src=\"https:\/\/www.google.com\/maps\/embed?pb=!1m18!1m12!1m3!1d2450.4775500211845!2d19.929608712840928!3d52.107439266574595!2m3!1f0!2f0!3f0!3m2!1i1024!2i768!4f13.1!3m3!1m2!1s0x471be610e8649499%3A0x949989aceae44aa8!2splac%20Przyrynek%2018%2C%2099-400%20%C5%81owicz!5e0!3m2!1spl!2spl!4v1684160307689!5m2!1spl!2spl\" width=\"100%\" height=\"100%\" style=\"position:absolute; top:0; left:0; border:0;\" allowfullscreen=\"\" loading=\"lazy\" referrerpolicy=\"no-referrer-when-downgrade\"><br \/>\n  <\/iframe>\n<\/div>\n\n\n\n<div class=\"wp-block-stackable-spacer stk-block-spacer stk--no-padding stk-block stk-57ffb33\" data-block-id=\"57ffb33\"><\/div>\n","protected":false},"excerpt":{"rendered":"<p>Um\u00f3w wizyt\u0119 w&nbsp;DR&nbsp;VET Zach\u0119camy do umawiania si\u0119 na wizyty telefonicznie i osobi\u015bcie w dogodnym dla Pa\u0144stwa terminie. Nasz adres Plac Przyrynek 18, 99-400 \u0141owicz Godziny otwarcia: poniedzia\u0142ek-pi\u0105tek 9:00-18:00 sobota 9:00-15:00 Telefon 664 272 006 Mail przychodnia@dr-vet.pl Nasza lokalizacja<\/p>\n","protected":false},"author":2,"featured_media":0,"parent":0,"menu_order":0,"comment_status":"closed","ping_status":"closed","template":"","meta":{"pgc_sgb_lightbox_settings":"","footnotes":""},"class_list":["post-16","page","type-page","status-publish","hentry"],"blocksy_meta":[],"_links":{"self":[{"href":"https:\/\/dr-vet.pl\/index.php\/wp-json\/wp\/v2\/pages\/16","targetHints":{"allow":["GET"]}}],"collection":[{"href":"https:\/\/dr-vet.pl\/index.php\/wp-json\/wp\/v2\/pages"}],"about":[{"href":"https:\/\/dr-vet.pl\/index.php\/wp-json\/wp\/v2\/types\/page"}],"author":[{"embeddable":true,"href":"https:\/\/dr-vet.pl\/index.php\/wp-json\/wp\/v2\/users\/2"}],"replies":[{"embeddable":true,"href":"https:\/\/dr-vet.pl\/index.php\/wp-json\/wp\/v2\/comments?post=16"}],"version-history":[{"count":18,"href":"https:\/\/dr-vet.pl\/index.php\/wp-json\/wp\/v2\/pages\/16\/revisions"}],"predecessor-version":[{"id":553,"href":"https:\/\/dr-vet.pl\/index.php\/wp-json\/wp\/v2\/pages\/16\/revisions\/553"}],"wp:attachment":[{"href":"https:\/\/dr-vet.pl\/index.php\/wp-json\/wp\/v2\/media?parent=16"}],"curies":[{"name":"wp","href":"https:\/\/api.w.org\/{rel}","templated":true}]}}